{"id":23154,"date":"2018-05-16T16:42:35","date_gmt":"2018-05-16T16:42:35","guid":{"rendered":"http:\/\/www.federacaopaulistadefutsal.com.br\/novo\/?page_id=23154"},"modified":"2018-05-17T20:04:42","modified_gmt":"2018-05-17T20:04:42","slug":"missao","status":"publish","type":"page","link":"https:\/\/www.federacaopaulistadefutsal.com.br\/novo\/missao\/","title":{"rendered":"Miss\u00e3o, Vis\u00e3o e Valores"},"content":{"rendered":"<h4><\/h4>\n<p>&nbsp;<\/p>\n<h4><strong><img decoding=\"async\" class=\"alignleft wp-image-23229\" src=\"http:\/\/www.federacaopaulistadefutsal.com.br\/novo\/wp-content\/uploads\/2018\/05\/missao-150x150.png\" alt=\"\" width=\"100\" height=\"100\" srcset=\"https:\/\/www.federacaopaulistadefutsal.com.br\/novo\/wp-content\/uploads\/2018\/05\/missao-150x150.png 150w, https:\/\/www.federacaopaulistadefutsal.com.br\/novo\/wp-content\/uploads\/2018\/05\/missao-300x300.png 300w, https:\/\/www.federacaopaulistadefutsal.com.br\/novo\/wp-content\/uploads\/2018\/05\/missao.png 546w\" sizes=\"(max-width: 100px) 100vw, 100px\" \/><\/strong><\/h4>\n<h5><strong>Miss\u00e3o:<\/strong>\u00a0Fomentar o Futsal Paulista com uma gest\u00e3o profissional, inovadora e de excel\u00eancia.<\/h5>\n<p>&nbsp;<\/p>\n<p>&nbsp;<\/p>\n<p>&nbsp;<\/p>\n<h5><strong><img decoding=\"async\" class=\"alignleft wp-image-23230\" src=\"http:\/\/www.federacaopaulistadefutsal.com.br\/novo\/wp-content\/uploads\/2018\/05\/visao-150x150.png\" alt=\"\" width=\"100\" height=\"100\" srcset=\"https:\/\/www.federacaopaulistadefutsal.com.br\/novo\/wp-content\/uploads\/2018\/05\/visao-150x150.png 150w, https:\/\/www.federacaopaulistadefutsal.com.br\/novo\/wp-content\/uploads\/2018\/05\/visao-300x300.png 300w, https:\/\/www.federacaopaulistadefutsal.com.br\/novo\/wp-content\/uploads\/2018\/05\/visao.png 546w\" sizes=\"(max-width: 100px) 100vw, 100px\" \/>Vis\u00e3o:<\/strong>\u00a0Ser uma entidade refer\u00eancia em gest\u00e3o, realiza\u00e7\u00e3o de competi\u00e7\u00f5es, eventos e por trabalhar constantemente para colaborar com o desenvolvimentos de seus filiados.<\/h5>\n<p>&nbsp;<\/p>\n<p>&nbsp;<\/p>\n<h5><strong><img decoding=\"async\" class=\"alignleft wp-image-23231\" src=\"http:\/\/www.federacaopaulistadefutsal.com.br\/novo\/wp-content\/uploads\/2018\/05\/valor-150x150.png\" alt=\"\" width=\"100\" height=\"100\" srcset=\"https:\/\/www.federacaopaulistadefutsal.com.br\/novo\/wp-content\/uploads\/2018\/05\/valor-150x150.png 150w, https:\/\/www.federacaopaulistadefutsal.com.br\/novo\/wp-content\/uploads\/2018\/05\/valor-300x300.png 300w, https:\/\/www.federacaopaulistadefutsal.com.br\/novo\/wp-content\/uploads\/2018\/05\/valor.png 546w\" sizes=\"(max-width: 100px) 100vw, 100px\" \/><br \/>\nValores:<\/strong>\u00a0Respeito, \u00c9tica, Transpar\u00eancia e Inova\u00e7\u00e3o.<\/h5>\n","protected":false},"excerpt":{"rendered":"<p>&nbsp; Miss\u00e3o:\u00a0Fomentar o Futsal Paulista com uma gest\u00e3o profissional, inovadora e de excel\u00eancia. &nbsp; &nbsp; &nbsp; Vis\u00e3o:\u00a0Ser uma entidade refer\u00eancia<\/p>\n","protected":false},"author":2,"featured_media":0,"parent":0,"menu_order":0,"comment_status":"closed","ping_status":"closed","template":"","meta":{"footnotes":""},"class_list":["post-23154","page","type-page","status-publish","hentry"],"_links":{"self":[{"href":"https:\/\/www.federacaopaulistadefutsal.com.br\/novo\/wp-json\/wp\/v2\/pages\/23154","targetHints":{"allow":["GET"]}}],"collection":[{"href":"https:\/\/www.federacaopaulistadefutsal.com.br\/novo\/wp-json\/wp\/v2\/pages"}],"about":[{"href":"https:\/\/www.federacaopaulistadefutsal.com.br\/novo\/wp-json\/wp\/v2\/types\/page"}],"author":[{"embeddable":true,"href":"https:\/\/www.federacaopaulistadefutsal.com.br\/novo\/wp-json\/wp\/v2\/users\/2"}],"replies":[{"embeddable":true,"href":"https:\/\/www.federacaopaulistadefutsal.com.br\/novo\/wp-json\/wp\/v2\/comments?post=23154"}],"version-history":[{"count":4,"href":"https:\/\/www.federacaopaulistadefutsal.com.br\/novo\/wp-json\/wp\/v2\/pages\/23154\/revisions"}],"predecessor-version":[{"id":23232,"href":"https:\/\/www.federacaopaulistadefutsal.com.br\/novo\/wp-json\/wp\/v2\/pages\/23154\/revisions\/23232"}],"wp:attachment":[{"href":"https:\/\/www.federacaopaulistadefutsal.com.br\/novo\/wp-json\/wp\/v2\/media?parent=23154"}],"curies":[{"name":"wp","href":"https:\/\/api.w.org\/{rel}","templated":true}]}}