{"id":23198,"date":"2018-05-17T13:36:13","date_gmt":"2018-05-17T13:36:13","guid":{"rendered":"http:\/\/www.federacaopaulistadefutsal.com.br\/novo\/?page_id=23198"},"modified":"2026-04-28T13:33:03","modified_gmt":"2026-04-28T13:33:03","slug":"comissao","status":"publish","type":"page","link":"https:\/\/www.federacaopaulistadefutsal.com.br\/novo\/comissao\/","title":{"rendered":"Comiss\u00e3o Disciplinar"},"content":{"rendered":"<p><em><strong>2026<\/strong><\/em><\/p>\n<p><em><strong>CITA\u00c7\u00d5ES<\/strong><\/em><\/p>\n<p><a href=\"https:\/\/www.federacaopaulistadefutsal.com.br\/novo\/wp-content\/uploads\/2026\/03\/CITACAO-01-2026-CD-FPFS.pdf\">CITA\u00c7\u00c3O &#8211; 001-2026 &#8211; CD &#8211; 11-03-2026<\/a><br \/>\n<a href=\"https:\/\/www.federacaopaulistadefutsal.com.br\/novo\/wp-content\/uploads\/2026\/03\/CITACAO-002-2026-CD.pdf\">CITA\u00c7\u00c3O &#8211; 002-2026 &#8211; CD &#8211; 18-03-2026<\/a><br \/>\n<a href=\"https:\/\/www.federacaopaulistadefutsal.com.br\/novo\/comissao\/citacao-003-2026-cd\/\" rel=\"attachment wp-att-41177\">CITA\u00c7\u00c3O &#8211; 003-2026 &#8211; CD &#8211; 06-04-2026<\/a><br \/>\n<a href=\"https:\/\/www.federacaopaulistadefutsal.com.br\/novo\/wp-content\/uploads\/2026\/04\/CITACAO-004-2026-CD.pdf\">CITA\u00c7\u00c3O &#8211; 004-2026 &#8211; CD<\/a><a href=\"https:\/\/www.federacaopaulistadefutsal.com.br\/novo\/wp-content\/uploads\/2026\/04\/CITACAO-004-2026-CD.pdf\"> &#8211; 15-04-2026<\/a><\/p>\n<p><em><strong>RESULTADOS<\/strong><\/em><\/p>\n<p><a href=\"https:\/\/www.federacaopaulistadefutsal.com.br\/novo\/wp-content\/uploads\/2026\/03\/ATA-DA-SESSAO-001-2026-CD-16-03-2026.pdf\">ATA DA SESS\u00c3O &#8211; 001-2026 &#8211; CD &#8211; 18-03-2026<\/a><br \/>\n<a href=\"https:\/\/www.federacaopaulistadefutsal.com.br\/novo\/wp-content\/uploads\/2026\/03\/ATA-DA-SESSAO-002-2026-CD-30-03-2026.pdf\">ATA DA SESS\u00c3O &#8211; 002-2026 &#8211; CD &#8211; 31-03-2026<\/a><br \/>\n<a href=\"https:\/\/www.federacaopaulistadefutsal.com.br\/novo\/wp-content\/uploads\/2026\/04\/ATA-DA-SESSAO-003-2026-CD-13-04-2026.pdf\">ATA DA SESS\u00c3O &#8211; 003-2026 &#8211; CD &#8211; 14-04-2026<\/a><br \/>\n<a href=\"https:\/\/www.federacaopaulistadefutsal.com.br\/novo\/wp-content\/uploads\/2026\/04\/ATA-DA-SESSAO-004-2026-CD-27-04-2026.pdf\">ATA DA SESS\u00c3O &#8211; 004-2026 &#8211; CD &#8211; 28-04-2026<\/a><\/p>\n<p>_____________________________________________________________________________<\/p>\n<p><em><strong>2025<\/strong><\/em><\/p>\n<p><em><strong>RESULTADOS<br \/>\n<\/strong><\/em><\/p>\n<p><a href=\"https:\/\/www.federacaopaulistadefutsal.com.br\/novo\/comissao\/ata-da-sessao-023-2025-cd-01-12-2025\/\" rel=\"attachment wp-att-40824\">ATA DA SESS\u00c3O &#8211; 023-2025 &#8211; CD &#8211; 01-12-2025<\/a><br \/>\n<a href=\"https:\/\/www.federacaopaulistadefutsal.com.br\/novo\/comissao\/ata-da-sessao-022-2025-cd-17-11-2025\/\" rel=\"attachment wp-att-40810\">ATA DA SESS\u00c3O &#8211; 022-2025 &#8211; CD &#8211; 17-11-2025<\/a><br \/>\n<a href=\"https:\/\/www.federacaopaulistadefutsal.com.br\/novo\/comissao\/ata-da-sessao-021-2025-cd-03-11-2025\/\" rel=\"attachment wp-att-40752\">ATA DA SESS\u00c3O &#8211; 021-2025 &#8211; CD &#8211; 03-11-2025<\/a><br \/>\n<a href=\"https:\/\/www.federacaopaulistadefutsal.com.br\/novo\/tribunal-de-justica-desportiva\/ata-julgamento-derick-bruder-e-theo-satoshi-recursos-04-e-06-2025\/\" rel=\"attachment wp-att-40729\">ATA JULGAMENTO\u00a0 04 e 06 2025<\/a><br \/>\n<a href=\"https:\/\/www.federacaopaulistadefutsal.com.br\/novo\/comissao\/ata-da-sessao-020-2025-cd-20-10-2025\/\" rel=\"attachment wp-att-40719\">ATA DA SESS\u00c3O &#8211; <\/a><a href=\"https:\/\/www.federacaopaulistadefutsal.com.br\/novo\/comissao\/ata-da-sessao-020-2025-cd-20-10-2025\/\" rel=\"attachment wp-att-40719\">20-2025 &#8211; CD &#8211; 20-10-2025<\/a><br \/>\n<a href=\"https:\/\/www.federacaopaulistadefutsal.com.br\/novo\/comissao\/ata-da-sessao-019-2025-cd-13-10-2025\/\" rel=\"attachment wp-att-40691\">ATA DA SESS\u00c3O &#8211; 019-2025 &#8211; CD &#8211; 13-10-2025<\/a><br \/>\n<a href=\"https:\/\/www.federacaopaulistadefutsal.com.br\/novo\/comissao\/ata-da-sessao-018-2025-cd-06-10-2025\/\" rel=\"attachment wp-att-40681\">ATA DA SESS\u00c3O &#8211; 018-2025 &#8211; CD &#8211; 06-10-2025<\/a><br \/>\n<a href=\"https:\/\/www.federacaopaulistadefutsal.com.br\/novo\/comissao\/ata-da-sessao-017-2025-cd-29-09-2025\/\" rel=\"attachment wp-att-40641\">ATA DA SESS\u00c3O &#8211; 017-2025 &#8211; CD &#8211; 29-09-2025<\/a><br \/>\n<a href=\"https:\/\/www.federacaopaulistadefutsal.com.br\/novo\/comissao\/ata-da-sessao-016-2025-cd-22-09-2025\/\" rel=\"attachment wp-att-40607\">ATA DA SESS\u00c3O &#8211; 016-2025 &#8211; CD &#8211; 22-09-2025<\/a><br \/>\n<a href=\"https:\/\/www.federacaopaulistadefutsal.com.br\/novo\/comissao\/ata-da-sessao-015-2025-cd-15-09-2025\/\" rel=\"attachment wp-att-40567\">ATA DA SESS\u00c3O &#8211; 015-2025 &#8211; CD &#8211; 15-09-2025<\/a><br \/>\n<a href=\"https:\/\/www.federacaopaulistadefutsal.com.br\/novo\/comissao\/ata-da-sessao-014-2025-cd-08-09-2025\/\" rel=\"attachment wp-att-40561\">ATA DA SESS\u00c3O &#8211; 014-2025 &#8211; CD &#8211; 08-09-2025<\/a><br \/>\n<a href=\"https:\/\/www.federacaopaulistadefutsal.com.br\/novo\/comissao\/ata-da-sessao-013-2025-cd-01-09-2025\/\" rel=\"attachment wp-att-40485\">ATA DA SESS\u00c3O &#8211; 013-2025 &#8211; CD &#8211; 01-09-2025<\/a><br \/>\n<a href=\"https:\/\/www.federacaopaulistadefutsal.com.br\/novo\/comissao\/ata-da-sessao-012-2025-cd-18-08-2025\/\" rel=\"attachment wp-att-40308\">ATA DA SESS\u00c3O &#8211; 012-2025 &#8211; CD &#8211; 18-08-2025<\/a><br \/>\n<a href=\"https:\/\/www.federacaopaulistadefutsal.com.br\/novo\/comissao\/ata-da-sessao-011-2025-cd-04-08-2025\/\" rel=\"attachment wp-att-40185\">ATA DA SESS\u00c3O &#8211; 011-2025 &#8211; CD &#8211; 04-08-2025<\/a><br \/>\n<a href=\"https:\/\/www.federacaopaulistadefutsal.com.br\/novo\/comissao\/ata-da-sessao-010-2025-cd-28-07-2025\/\" rel=\"attachment wp-att-40152\">ATA DA SESS\u00c3O &#8211; 010-2025 &#8211; CD &#8211; 28-07-2025<\/a><br \/>\n<a href=\"https:\/\/www.federacaopaulistadefutsal.com.br\/novo\/comissao\/processo-no-207-2025-cd\/\" target=\"_blank\" rel=\"attachment noopener wp-att-41180\">ATA DA SESS\u00c3O &#8211; PROCESSO 207\/2025 &#8211; 17-12-2025<\/a><\/p>\n","protected":false},"excerpt":{"rendered":"<p>2026 CITA\u00c7\u00d5ES CITA\u00c7\u00c3O &#8211; 001-2026 &#8211; CD &#8211; 11-03-2026 CITA\u00c7\u00c3O &#8211; 002-2026 &#8211; CD &#8211; 18-03-2026 CITA\u00c7\u00c3O &#8211; 003-2026 &#8211;<\/p>\n","protected":false},"author":2,"featured_media":0,"parent":0,"menu_order":0,"comment_status":"closed","ping_status":"closed","template":"","meta":{"footnotes":""},"class_list":["post-23198","page","type-page","status-publish","hentry"],"_links":{"self":[{"href":"https:\/\/www.federacaopaulistadefutsal.com.br\/novo\/wp-json\/wp\/v2\/pages\/23198","targetHints":{"allow":["GET"]}}],"collection":[{"href":"https:\/\/www.federacaopaulistadefutsal.com.br\/novo\/wp-json\/wp\/v2\/pages"}],"about":[{"href":"https:\/\/www.federacaopaulistadefutsal.com.br\/novo\/wp-json\/wp\/v2\/types\/page"}],"author":[{"embeddable":true,"href":"https:\/\/www.federacaopaulistadefutsal.com.br\/novo\/wp-json\/wp\/v2\/users\/2"}],"replies":[{"embeddable":true,"href":"https:\/\/www.federacaopaulistadefutsal.com.br\/novo\/wp-json\/wp\/v2\/comments?post=23198"}],"version-history":[{"count":452,"href":"https:\/\/www.federacaopaulistadefutsal.com.br\/novo\/wp-json\/wp\/v2\/pages\/23198\/revisions"}],"predecessor-version":[{"id":41427,"href":"https:\/\/www.federacaopaulistadefutsal.com.br\/novo\/wp-json\/wp\/v2\/pages\/23198\/revisions\/41427"}],"wp:attachment":[{"href":"https:\/\/www.federacaopaulistadefutsal.com.br\/novo\/wp-json\/wp\/v2\/media?parent=23198"}],"curies":[{"name":"wp","href":"https:\/\/api.w.org\/{rel}","templated":true}]}}