{"id":23209,"date":"2018-05-17T16:48:24","date_gmt":"2018-05-17T16:48:24","guid":{"rendered":"http:\/\/www.federacaopaulistadefutsal.com.br\/novo\/?page_id=23209"},"modified":"2018-05-17T17:30:13","modified_gmt":"2018-05-17T17:30:13","slug":"historia-do-futsal","status":"publish","type":"page","link":"https:\/\/www.federacaopaulistadefutsal.com.br\/novo\/historia-do-futsal\/","title":{"rendered":"Hist\u00f3ria do Futsal"},"content":{"rendered":"<p><strong>Prim\u00f3rdios do Futsal<\/strong><\/p>\n<p>O futebol de sal\u00e3o tem duas vers\u00f5es sobre o seu surgimento, e, tal como em outras modalidades desportivas, h\u00e1 diverg\u00eancias quanto a sua inven\u00e7\u00e3o. H\u00e1 uma vers\u00e3o que o futebol de sal\u00e3o come\u00e7ou a ser jogado por volta de 1940 por frequentadores da Associa\u00e7\u00e3o Crist\u00e3 de Mo\u00e7os, em S\u00e3o Paulo (SP), pois havia uma grande dificuldade em encontrar campos de futebol livres para poderem jogar e ent\u00e3o come\u00e7aram a jogar suas \u201cpeladas\u201d nas quadras de basquete e h\u00f3quei.<\/p>\n<p>No in\u00edcio, jogavam-se com cinco, seis ou sete jogadores em cada equipe, mas logo definiram o n\u00famero de cinco jogadores para cada equipe. As bolas usadas eram de serragem, crina vegetal, ou de corti\u00e7a granulada, mas apresentavam o problema de saltarem muito e frequentemente saiam da quadra de jogo, ent\u00e3o tiveram seu tamanho diminu\u00eddo e seu peso aumentado, por este fato o futebol de sal\u00e3o foi chamado de \u201cEsporte da bola pesada\u201c.<\/p>\n<p>H\u00e1 tamb\u00e9m a vers\u00e3o, tida como a mais prov\u00e1vel, de que o futebol de sal\u00e3o foi inventado em 1934 na Associa\u00e7\u00e3o Crist\u00e3 de Mo\u00e7os de Montevid\u00e9u, Uruguai, pelo professor Juan Carlos Ceriani, que chamou este novo esporte de &#8220;Indoor-foot-ball&#8221;.<\/p>\n<p><strong>Primeiras entidades oficiais<\/strong><br \/>\nHabibMaphuz \u00e9 um dos nomes que mais se destaca nos prim\u00f3rdios do futebol de sal\u00e3o. Maphuz era professor da ACM de S\u00e3o Paulo e no in\u00edcio dos anos cinquenta participou da elabora\u00e7\u00e3o das normas para a pr\u00e1tica de v\u00e1rias modalidades esportivas, sendo uma delas o futebol jogado em quadras, tudo isto no \u00e2mbito interno da ACM paulista, este mesmo salonista fundou a primeira liga de futebol de sal\u00e3o, a Liga de Futebol de Sal\u00e3o da Associa\u00e7\u00e3o Crist\u00e3 de Mo\u00e7os. Mais tarde o professor se tornou o primeiro presidente da Federa\u00e7\u00e3o Paulista de Futebol de Sal\u00e3o.<\/p>\n<p>Em 28 de Julho de 1954 foi fundada a Federa\u00e7\u00e3o Metropolitana de Futebol de Sal\u00e3o, atual Federa\u00e7\u00e3o de Futebol de Sal\u00e3o do Estado do Rio de Janeiro, a primeira federa\u00e7\u00e3o estadual do Brasil, sendo Ammy de Moraes seu primeiro presidente. Neste mesmo ano foi fundada a Federa\u00e7\u00e3o Mineira de Futebol de Sal\u00e3o. Em 1955 foi fundada a Federa\u00e7\u00e3o Paulista de Futebol de Sal\u00e3o. O que se viu a partir de ent\u00e3o foi o desencadeamento da origem de federa\u00e7\u00f5es estaduais por todo o Brasil. Em 1956 as Federa\u00e7\u00f5es cearense, paranaense, ga\u00facha e baiana. Em 1957 a catarinense e a norte-rio-grandense, em 1959a sergipana. Na d\u00e9cada de 60 foram fundadas as Federa\u00e7\u00f5es de Pernambuco, do Distrito Federal, da Para\u00edba, enquanto na d\u00e9cada de 70 tiveram origem as federa\u00e7\u00f5es acreana, a do Mato Grosso do Sul, a goiana, a piauiense, a mato-grossense, e a maranhense. Nos anos 80 foram fundadas as federa\u00e7\u00f5es amazonense, a de Rond\u00f4nia, a do Par\u00e1, a Alagoana, a do Esp\u00edrito Santo e a Amapaense. E, finalmente, na d\u00e9cada de 90 vieram as mais novas: Roraimense e a Tocantinense.<\/p>\n<p><strong>Primeiras regras<\/strong><br \/>\nAs primeiras regras publicadas foram editadas em 1956. As normas foram feitas por Luiz Gonzaga de Oliveira Fernandes, em S\u00e3o Paulo. Juan Carlos Ceriani e HabibMaphuz professores da ACM s\u00e3o considerados os pais do futebol de sal\u00e3o. Este esporte, relativamente novo, \u00e9 sem nenhuma contesta\u00e7\u00e3o a segunda modalidade esportiva mais popular no Brasil, somente atr\u00e1s do futebol, e atualmente o esporte em maior crescimento em todo mundo.<\/p>\n<p>O futebol de sal\u00e3o brasileiro tinha no seu inicio, em meados dos anos cinquenta, v\u00e1rias regras. Foi ent\u00e3o que em 5 de fevereiro de 1957 o ent\u00e3o presidente da Confedera\u00e7\u00e3o Brasileira de Desportos, CBD, Sylvio Pacheco criou o Conselho T\u00e9cnico de Assessores de Futebol de Sal\u00e3o para conciliar diverg\u00eancias e dirigir os destinos do futebol de sal\u00e3o no Brasil.<\/p>\n<p>Foram eleitos para este conselho com mandato de tr\u00eas anos: Ammy de Moraes (Guanabara), Luiz Gonzaga de Oliveira Fernandez (S\u00e3o Paulo), Roberto Jos\u00e9 Horta Mour\u00e3o (Minas Gerais), Roberval Pereira da Silva (Estado do Rio), UtulanteVitola (Paran\u00e1).<br \/>\nFutsal no Brasil<br \/>\nNeste mesmo ano de 1957, em Minas Gerais, houve uma tentativa de fundar-se a Confedera\u00e7\u00e3o Brasileira de Futebol de Sal\u00e3o, a ata foi encaminhada ao Conselho Nacional de Desportos, mas o CND n\u00e3o acatou tal ata que foi registrada dia 30 de setembro de 1957 com o n\u00ba 2.551. Esta situa\u00e7\u00e3o como conselho subordinado a CBD perdurou at\u00e9 1979. Em 15 de junho de 1979 foi realizada a Assembleia Geral que fundou a Confedera\u00e7\u00e3o Brasileira de Futebol de Sal\u00e3o, tendo sido eleito, para o per\u00edodo 1980\/1983, como presidente, A\u00e9cio de Borba Vasconcelos.<\/p>\n<p><strong>Desenvolvimento do futsal pelo mundo<\/strong><br \/>\nEm 14 de setembro de 1969, em Assun\u00e7\u00e3o, Paraguai, com a presen\u00e7a de Jo\u00e3o Havelange presidente da CBD, Luiz Maria Zubizarreta, presidente da Federa\u00e7\u00e3o Paraguaia de Futebol, e Carlos Bustamante Arz\u00faa, presidente Associa\u00e7\u00e3o Uruguaia de Futebol, foi fundada a Confedera\u00e7\u00e3o Sul-Americana de Futebol de Sal\u00e3o \u2013 CSAFS, tamb\u00e9m representou o Brasil nesta reuni\u00e3o Luiz Gonzaga de Oliveira Fernandes.<\/p>\n<p>Em 25 de Julho de 1971, em S\u00e3o Paulo numa iniciativa da CBD e da CSAFS, com a presen\u00e7a de representantes do Brasil, Argentina, Bol\u00edvia, Paraguai, Peru, Portugal e Uruguai foi fundada a Federa\u00e7\u00e3o Internacional de Futebol de Sal\u00e3o \u2013 Fifusa, o seu primeiro presidente do conselho executivo foi Jo\u00e3o Havelange, que comandou de 1971 a 1975, mas devido seus compromissos com o futebol, tanto da CBD, como na Fifa, quem realmente dirigiu a Fifusa neste per\u00edodo foi seu secret\u00e1rio geral Luiz Gonzaga de Oliveira Fernandes.<\/p>\n<p>Em 1975, Waldir Nogueira Cardoso assumiu a presid\u00eancia da Fifusa. A partir de 1980 Janu\u00e1rio D\u2019Al\u00e9cio iniciou sua gest\u00e3o realizando o 1\u00ba Pan Americano de Futebol de Sal\u00e3o no M\u00e9xico, com a participa\u00e7\u00e3o de Brasil, M\u00e9xico, Paraguai, Uruguai, Argentina, Bol\u00edvia e Estados Unidos, competi\u00e7\u00e3o vencida pelo Brasil.<\/p>\n<p>Em 1982, no gin\u00e1sio do Ibirapuera, em S\u00e3o Paulo, a Fifusa organizou o 1\u00ba Campeonato Mundial de Futebol de Sal\u00e3o, com a participa\u00e7\u00e3o de Brasil, Argentina, Costa Rica, Tchecoslov\u00e1quia, Uruguai, Col\u00f4mbia, Paraguai, It\u00e1lia, M\u00e9xico, Holanda e Jap\u00e3o. O Brasil venceu a final do Paraguai por 1 a 0 com gol de Jackson, foram campe\u00f5es neste mundial Pan\u00e7a, Barata, Beto, Walmir, Paulo C\u00e9sar, Paulinho Rosas, Leonel, Branquinho, Cac\u00e1, Paulo Bonfim, Jackson, Jorginho, Douglas, Carlos Alberto, Miral, treinados por C\u00e9sar Vieira. O primeiro mundial foi um marco, a partir de ent\u00e3o o futebol de sal\u00e3o come\u00e7ou a despertar o interesse da Fifa, que come\u00e7ou a criar muitas dificuldades para todas as competi\u00e7\u00f5es patrocinadas pela Fifusa, e amea\u00e7ava nos jornais da \u00e9poca em redigir novas regras para o \u201cfutebol de cinco\u201d e noticiava que iria patrocinar um mundial.<\/p>\n<p>Em 1985 realizou-se, na Espanha, o 2\u00ba Campeonato Mundial de Futebol de Sal\u00e3o organizado pela Fifusa. Novamente o Brasil venceu, e, em 1988 foi realizado, na Austr\u00e1lia, o 3\u00ba Mundial, com a vit\u00f3ria do Paraguai. Em setembro de 1988, \u00c1lvaro Melo Filho, na qualidade de Presidente da CBFS, face as dificuldades da Fifusa e projetando um futuro melhor para o futebol de sal\u00e3o, aceitou convite para encontro no Rio de Janeiro, arquitetado pelo dirigente do Bradesco ArarinoSallum, iniciando negocia\u00e7\u00f5es com o ent\u00e3o Presidente da Fifa, Jo\u00e3o Havelange, e seu secret\u00e1rio geral, Joseph Blatter, que veio ao Brasil especialmente para tratar de futsal, visando a que a Fifa encampasse a Fifusa e passasse a comandar, internacionalmente, o esporte.<\/p>\n<p>Em janeiro de 1989, \u00c1lvaro Melo Filho autorizou a equipe do Bradesco a representar o Brasil, na Holanda, na 1\u00ba Copa do Mundo de Futsal da Fifa, obtendo o t\u00edtulo de campe\u00e3o mundial. \u00c9 interessante assinalar que o Brasil, que havia perdido o \u00faltimo mundial da Fifusa, realizado em novembro de 1988, recuperou o t\u00edtulo no primeiro mundial da Fifa, disputado em janeiro de 89, ou seja, menos de dois meses depois. Logo ap\u00f3s este mundial \u00c1lvaro Melo Filho, contando com a anu\u00eancia e presen\u00e7a de Janu\u00e1rio D\u2019Al\u00e9cio (Presidente da Fifusa), participou de v\u00e1rias reuni\u00f5es na Fifa, ao longo do ano de 1989, onde sempre teve presen\u00e7a e atua\u00e7\u00e3o destacada, dentre outros, do secretario geral da Fifa, \u00e0 \u00e9poca, Joseph Blatter, tendo as negocia\u00e7\u00f5es, ao final, acordado a fus\u00e3o Fifa\/Fifusa, quando ent\u00e3o foi constitu\u00edda, na Fifa, com previs\u00e3o estatut\u00e1ria, a Comiss\u00e3o de Futsal.<br \/>\nEm 02 de maio de 1990 o Brasil oficial e legalmente desligou-se da Fifusa em carta do presidente da CBFS A\u00e9cio de Borba Vasconcelos \u00e0quela entidade, com o aval das 26 Federa\u00e7\u00f5es filiadas a CBFS, e, desde ent\u00e3o, passou a adotar as novas regras de jogo emanadas da Fifa, tendo sempre como objetivos principais espraiar e desenvolver o Futsal (desporto de cria\u00e7\u00e3o nacional) no mundo e levar a modalidade a integrar o programa dos Jogos Ol\u00edmpicos, sonho de todos os salonistas.<br \/>\nA partir de 1992 as Copas do Mundo de Futsal da Fifa passaram a ser realizadas de quatro em quatro anos, seguindo o mesmo modelo adotado para o futebol. O dom\u00ednio brasileiro na modalidade \u00e9 latente. Os brasileiros, al\u00e9m do t\u00edtulo conquistado em 1989, na Holanda, venceram tamb\u00e9m as edi\u00e7\u00f5es de1992 (Hong Kong \u2013 China), 1996 (Espanha) e 2008 (Brasil). Enquanto os espanh\u00f3is, maiores advers\u00e1rios brasileiros, levantaram a ta\u00e7a em 2000(Guatemala) e 2004 (Taipei-China).<\/p>\n<p><strong>Galeria de campe\u00f5es do Mundo<\/strong><br \/>\nAno Campe\u00e3o Local Entidade<br \/>\n1982 Brasil Brasil Fifusa<br \/>\n1985 Brasil Espanha Fifusa<br \/>\n1988 Paraguai Austr\u00e1lia Fifusa<br \/>\n1989 Brasil Holanda Fifa<br \/>\n1992 Brasil Hong Kong (China) Fifa<br \/>\n1996 Brasil Espanha Fifa<br \/>\n2000 Espanha Guatemala Fifa<br \/>\n2004 Espanha Taipei (China) Fifa<br \/>\n2008 Brasil Brasil Fifa<\/p>\n<p><strong>Futsal Feminino<\/strong><br \/>\nO futsal feminino ganha espa\u00e7o cada vez maior no Brasil e no mundo. Em terras brasileiras a modalidade entre as mulheres, al\u00e9m de ter campeonatos semelhantes ao masculino na Ta\u00e7a Brasil e no Campeonato Brasileiro de Sele\u00e7\u00f5es, desde 2005 \u00e9 realizada, todos os anos, a Liga Futsal Feminina.<br \/>\nA cada temporada o que se v\u00ea \u00e9 o crescimento do n\u00famero de participantes nos campeonatos, o que eleva a qualidade t\u00e9cnica e o interesse do torcedor. Aos poucos est\u00e1 havendo crescimento do investimento no futsal feminino. O desenvolvimento da categoria entre as mulheres \u00e9 uma aposta em todo mundo, tanto que a Sele\u00e7\u00e3o Brasileira de Futsal feminina j\u00e1 \u00e9 destaque internacional. A equipe brasileira \u00e9 bicampe\u00e3 sul-americana, nas edi\u00e7\u00f5es realizadas aqui no Brasil, em 2005, e no Equador, em 2007.<br \/>\nAs jogadoras, assim como os homens, tamb\u00e9m ganharam o mundo. Nos campeonatos dos Estados Unidos, da Europa e da \u00c1sia existem atletas do Pa\u00eds atuando.<\/p>\n<pre><span style=\"color: #999999;\">Cr\u00e9ditos: FM Futsal.<\/span><\/pre>\n","protected":false},"excerpt":{"rendered":"<p>Prim\u00f3rdios do Futsal O futebol de sal\u00e3o tem duas vers\u00f5es sobre o seu surgimento, e, tal como em outras modalidades<\/p>\n","protected":false},"author":2,"featured_media":0,"parent":0,"menu_order":0,"comment_status":"closed","ping_status":"closed","template":"","meta":{"footnotes":""},"class_list":["post-23209","page","type-page","status-publish","hentry"],"_links":{"self":[{"href":"https:\/\/www.federacaopaulistadefutsal.com.br\/novo\/wp-json\/wp\/v2\/pages\/23209","targetHints":{"allow":["GET"]}}],"collection":[{"href":"https:\/\/www.federacaopaulistadefutsal.com.br\/novo\/wp-json\/wp\/v2\/pages"}],"about":[{"href":"https:\/\/www.federacaopaulistadefutsal.com.br\/novo\/wp-json\/wp\/v2\/types\/page"}],"author":[{"embeddable":true,"href":"https:\/\/www.federacaopaulistadefutsal.com.br\/novo\/wp-json\/wp\/v2\/users\/2"}],"replies":[{"embeddable":true,"href":"https:\/\/www.federacaopaulistadefutsal.com.br\/novo\/wp-json\/wp\/v2\/comments?post=23209"}],"version-history":[{"count":3,"href":"https:\/\/www.federacaopaulistadefutsal.com.br\/novo\/wp-json\/wp\/v2\/pages\/23209\/revisions"}],"predecessor-version":[{"id":23226,"href":"https:\/\/www.federacaopaulistadefutsal.com.br\/novo\/wp-json\/wp\/v2\/pages\/23209\/revisions\/23226"}],"wp:attachment":[{"href":"https:\/\/www.federacaopaulistadefutsal.com.br\/novo\/wp-json\/wp\/v2\/media?parent=23209"}],"curies":[{"name":"wp","href":"https:\/\/api.w.org\/{rel}","templated":true}]}}