{"id":23216,"date":"2018-05-17T16:52:31","date_gmt":"2018-05-17T16:52:31","guid":{"rendered":"http:\/\/www.federacaopaulistadefutsal.com.br\/novo\/?page_id=23216"},"modified":"2018-12-12T19:11:00","modified_gmt":"2018-12-12T19:11:00","slug":"anuncie-aqui","status":"publish","type":"page","link":"https:\/\/www.federacaopaulistadefutsal.com.br\/novo\/anuncie-aqui\/","title":{"rendered":"QUER EVID\u00caNCIA?"},"content":{"rendered":"<p>Se voc\u00ea tem uma empresa, est\u00e1 oferecendo servi\u00e7os ou produtos e quer mostr\u00e1-lo para milhares de pessoas? Ent\u00e3o, anuncie no maior portal de noticias de Futsal no Estado de S\u00e3o Paulo.<\/p>\n<p><strong>ACESSOS DO PORTAL<\/strong><br \/>\n45 mil mil <em>Views<\/em>| M\u00e9dia de visualiza\u00e7\u00f5es <strong>mensais;<br \/>\n<\/strong>1500 Mil <em>Views<\/em>| M\u00e9dia de visualiza\u00e7\u00f5es <strong>di\u00e1rias<\/strong>;<\/p>\n<p>\u2022 O Portal do <a href=\"http:\/\/www.futsal.com.br\">futsal.com.br<\/a>\u00a0 est\u00e1 no ar h\u00e1 mais de 18 anos;<br \/>\n\u2022 \u00c9 um dos maiores Portais de Noticias Esportivas acessados do pa\u00eds.<br \/>\n\u2022 Produz noticias, v\u00eddeos, fotos, tabelas de jogos, classifica\u00e7\u00f5es e outras publica\u00e7\u00f5es todos os dias do m\u00eas;<br \/>\n\u2022 Leitores v\u00eam de todas as partes do Brasil e de algumas partes do mundo, como Portugal, Estados Unidos e Jap\u00e3o &#8230;<br \/>\n\u2022 A FPFS j\u00e1 venceu o pr\u00eamio <strong><em>iBest \u00a0<\/em><\/strong>na categoria xxxxx;<\/p>\n<p><strong>NETWORK\u00a0 SOCIAL<\/strong><br \/>\n135 .100 mil seguidores | Perfil <strong>Facebook<\/strong>;<br \/>\n20.300 mil seguidores | Perfil <strong>Instagram<\/strong>;<br \/>\n742 seguidores | Perfil <strong>Twitter<\/strong>;<br \/>\n970 inscrito | Canal no <strong>Youtube<\/strong>.<\/p>\n<p><strong>SITES DE BUSCAS\u00a0 E PESQUISAS<\/strong><\/p>\n<p>Na pesquisa por <strong>&#8220;Futsal&#8221;, \u201cFutsal Paulista\u201d, \u201cFedera\u00e7\u00e3o de Futsal\u201d<\/strong> e <strong>\u201cS\u00famula Online\u201d <\/strong>no Google, Bing e Yahoo, a <strong>FPFS &#8211;<\/strong> <strong>Federa\u00e7\u00e3o Paulista de Futsal <\/strong>surge como o primeiro resultado;<\/p>\n<p><strong>SUA MARCA EM EVID\u00caNCIA COM GRANDES EMPRESAS<\/strong><\/p>\n<p><strong>Penalty<\/strong> &gt; || <strong>PATROCINADORA DO FUTSAL PAULISTA<\/strong> || Especializada em produtos para a pr\u00e1tica esportiva, refer\u00eancia em qualidade e inova\u00e7\u00e3o, desenvolve materiais esportivos e uniformes que se transformaram em \u00edcones de grandes clubes nacionais e internacionais.\u00a0Pioneira no mercado de bolas, a Penalty investe constantemente em pesquisa e desenvolvimento de produtos, sendo detentora de tecnologias exclusivas de fabrica\u00e7\u00e3o, como a <em>Termotec<\/em> e a <em>Precision<\/em>. A marca \u00e9 a \u00fanica fabricante brasileira com certifica\u00e7\u00e3o internacional emitida pelas quatro institui\u00e7\u00f5es m\u00e1ximas das principais modalidades com bola: FIFA (futebol), FIVB (v\u00f4lei), FIBA (basquete) e IHF (handebol).<\/p>\n<p><strong>\u00c1gua Boa &gt; <\/strong>|| <strong>PATROCINADORA DO FUTSAL PAULISTA<\/strong> ||\u00a0 <strong>Fonte de \u00a0\u00c1guas de Santa B\u00e1rbara<\/strong>. Primor no atendimento, embalagens pr\u00e1ticas e diferenciadas, proporciona aos seus clientes a melhor experi\u00eancia em \u00c1gua Mineral Natural. Uma das maiores distribuidoras de \u00e1gua do Estado de S\u00e3o Paulo.<\/p>\n<p><strong>SEGASP &gt;<\/strong> || <strong>PATROCINADORA DO FUTSAL PAULISTA<\/strong> || Seguradora de Vida da AABB S\u00e3o Paulo, atende os funcion\u00e1rios do <strong>Banco do Brasil<\/strong> em todo o pa\u00eds. Possuem tamb\u00e9m o <strong>SEGASP SPORT<\/strong> \u2013 um seguro de responsabilidade civil exclusivo para Clubes, Academias, Escolas de Esportes e Complexos Esportivos. Sin\u00f4nimo de refer\u00eancia em seguros e um dos mais abrangentes do pa\u00eds.<\/p>\n<p>&nbsp;<\/p>\n<p><strong>FA\u00c7A PARTE DO NOSSO TIME<\/strong><br \/>\nSe voc\u00ea ficou interessado entre em contato, envie um e-mail para <a href=\"mailto:ewerton@futsalpaulista.com.br\">ewerton@futsalpaulista.com.br<\/a>, entraremos em contato com voc\u00ea informando valores, formatos e a\u00e7\u00f5es dispon\u00edveis para anunciantes.<\/p>\n","protected":false},"excerpt":{"rendered":"<p>Se voc\u00ea tem uma empresa, est\u00e1 oferecendo servi\u00e7os ou produtos e quer mostr\u00e1-lo para milhares de pessoas? Ent\u00e3o, anuncie no<\/p>\n","protected":false},"author":2,"featured_media":0,"parent":0,"menu_order":0,"comment_status":"closed","ping_status":"closed","template":"","meta":{"footnotes":""},"class_list":["post-23216","page","type-page","status-publish","hentry"],"_links":{"self":[{"href":"https:\/\/www.federacaopaulistadefutsal.com.br\/novo\/wp-json\/wp\/v2\/pages\/23216","targetHints":{"allow":["GET"]}}],"collection":[{"href":"https:\/\/www.federacaopaulistadefutsal.com.br\/novo\/wp-json\/wp\/v2\/pages"}],"about":[{"href":"https:\/\/www.federacaopaulistadefutsal.com.br\/novo\/wp-json\/wp\/v2\/types\/page"}],"author":[{"embeddable":true,"href":"https:\/\/www.federacaopaulistadefutsal.com.br\/novo\/wp-json\/wp\/v2\/users\/2"}],"replies":[{"embeddable":true,"href":"https:\/\/www.federacaopaulistadefutsal.com.br\/novo\/wp-json\/wp\/v2\/comments?post=23216"}],"version-history":[{"count":7,"href":"https:\/\/www.federacaopaulistadefutsal.com.br\/novo\/wp-json\/wp\/v2\/pages\/23216\/revisions"}],"predecessor-version":[{"id":27072,"href":"https:\/\/www.federacaopaulistadefutsal.com.br\/novo\/wp-json\/wp\/v2\/pages\/23216\/revisions\/27072"}],"wp:attachment":[{"href":"https:\/\/www.federacaopaulistadefutsal.com.br\/novo\/wp-json\/wp\/v2\/media?parent=23216"}],"curies":[{"name":"wp","href":"https:\/\/api.w.org\/{rel}","templated":true}]}}