{"id":4438,"date":"2015-05-07T20:58:13","date_gmt":"2015-05-07T20:58:13","guid":{"rendered":"http:\/\/www.federacaopaulistadefutsal.com.br\/?page_id=4438"},"modified":"2026-04-08T18:29:31","modified_gmt":"2026-04-08T18:29:31","slug":"regulamentos-oficiais-fpfs","status":"publish","type":"page","link":"https:\/\/www.federacaopaulistadefutsal.com.br\/novo\/regulamentos-oficiais-fpfs\/","title":{"rendered":"REGULAMENTOS"},"content":{"rendered":"<h4><strong>CATEGORIAS DE INICIA\u00c7\u00c3O<\/strong><\/h4>\n<p><a href=\"https:\/\/www.federacaopaulistadefutsal.com.br\/novo\/regulamentos-oficiais-fpfs\/regulamento-paulista-2026-iniciacao-a1\/\" rel=\"attachment wp-att-41192\">REGULAMENTO PAULISTA &#8211; INICIA\u00c7\u00c3O A1<\/a><br \/>\n<a href=\"https:\/\/www.federacaopaulistadefutsal.com.br\/novo\/regulamentos-oficiais-fpfs\/regulamento-paulista-iniciacao-a2\/\" rel=\"attachment wp-att-41191\">REGULAMENTO PAULISTA &#8211; INICIA\u00c7\u00c3O A2<\/a><br \/>\n<a href=\"https:\/\/www.federacaopaulistadefutsal.com.br\/novo\/regulamentos-oficiais-fpfs\/regulamento-paulista-iniciacao-a3\/\" rel=\"attachment wp-att-41193\">REGULAMENTO PAULISTA &#8211; INICIA\u00c7\u00c3O A3<\/a><\/p>\n<h4><strong>CATEGORIAS DE BASE<\/strong><\/h4>\n<p><a href=\"https:\/\/www.federacaopaulistadefutsal.com.br\/novo\/regulamentos-oficiais-fpfs\/regulamento-campeonato-paulista-2026-base-feminino\/\" rel=\"attachment wp-att-41188\">REGULAMENTO CAMPEONATO PAULISTA &#8211; BASE FEMININO<\/a><br \/>\n<a href=\"https:\/\/www.federacaopaulistadefutsal.com.br\/novo\/regulamentos-oficiais-fpfs\/regulamento-campeonato-paulista-2026-base-a1\/\" rel=\"attachment wp-att-41185\">REGULAMENTO CAMPEONATO PAULISTA &#8211; BASE A1<\/a><br \/>\n<a href=\"https:\/\/www.federacaopaulistadefutsal.com.br\/novo\/regulamentos-oficiais-fpfs\/regulamento-campeonato-paulista-2026-base-a2\/\" rel=\"attachment wp-att-41186\">REGULAMENTO CAMPEONATO PAULISTA &#8211; BASE A2<\/a><br \/>\n<a href=\"https:\/\/www.federacaopaulistadefutsal.com.br\/novo\/regulamentos-oficiais-fpfs\/regulamento-campeonato-paulista-2026-base-a3\/\" rel=\"attachment wp-att-41187\">REGULAMENTO CAMPEONATO PAULISTA &#8211; BASE A3<\/a><br \/>\n<a href=\"https:\/\/www.federacaopaulistadefutsal.com.br\/novo\/regulamentos-oficiais-fpfs\/regulamento-copa-uniao-2026-base-a1-e-a2\/\" rel=\"attachment wp-att-41190\">REGULAMENTO COPA UNI\u00c3O &#8211; BASE A1 e A2<\/a><\/p>\n<p>&nbsp;<\/p>\n<h4><strong>CATEGORIA MAIORES<\/strong><\/h4>\n<p><a href=\"https:\/\/www.federacaopaulistadefutsal.com.br\/novo\/regulamentos-oficiais-fpfs\/regulamento-campeonato-paulista-2026-principal-masculino\/\" rel=\"attachment wp-att-41189\">REGULAMENTO &#8211; PAULISTA PRINCIPAL MASCULINO<\/a><br \/>\n<a href=\"https:\/\/www.federacaopaulistadefutsal.com.br\/novo\/regulamentos-oficiais-fpfs\/regulamento-paulista-principal-feminino\/\" rel=\"attachment wp-att-41184\">REGULAMENTO &#8211; PAULISTA PRINCIPAL FEMININO<\/a><br \/>\n<a href=\"https:\/\/www.federacaopaulistadefutsal.com.br\/novo\/regulamentos-oficiais-fpfs\/regulamento-copa-paulista-sub-20-feminino\/\" rel=\"attachment wp-att-41232\">REGULAMENTO &#8211; COPA PAULISTA SUB 20 FEMININO<\/a><\/p>\n","protected":false},"excerpt":{"rendered":"<p>CATEGORIAS DE INICIA\u00c7\u00c3O REGULAMENTO PAULISTA &#8211; INICIA\u00c7\u00c3O A1 REGULAMENTO PAULISTA &#8211; INICIA\u00c7\u00c3O A2 REGULAMENTO PAULISTA &#8211; INICIA\u00c7\u00c3O A3 CATEGORIAS DE<\/p>\n","protected":false},"author":1,"featured_media":0,"parent":0,"menu_order":0,"comment_status":"closed","ping_status":"open","template":"","meta":{"footnotes":""},"class_list":["post-4438","page","type-page","status-publish","hentry"],"_links":{"self":[{"href":"https:\/\/www.federacaopaulistadefutsal.com.br\/novo\/wp-json\/wp\/v2\/pages\/4438","targetHints":{"allow":["GET"]}}],"collection":[{"href":"https:\/\/www.federacaopaulistadefutsal.com.br\/novo\/wp-json\/wp\/v2\/pages"}],"about":[{"href":"https:\/\/www.federacaopaulistadefutsal.com.br\/novo\/wp-json\/wp\/v2\/types\/page"}],"author":[{"embeddable":true,"href":"https:\/\/www.federacaopaulistadefutsal.com.br\/novo\/wp-json\/wp\/v2\/users\/1"}],"replies":[{"embeddable":true,"href":"https:\/\/www.federacaopaulistadefutsal.com.br\/novo\/wp-json\/wp\/v2\/comments?post=4438"}],"version-history":[{"count":3,"href":"https:\/\/www.federacaopaulistadefutsal.com.br\/novo\/wp-json\/wp\/v2\/pages\/4438\/revisions"}],"predecessor-version":[{"id":41233,"href":"https:\/\/www.federacaopaulistadefutsal.com.br\/novo\/wp-json\/wp\/v2\/pages\/4438\/revisions\/41233"}],"wp:attachment":[{"href":"https:\/\/www.federacaopaulistadefutsal.com.br\/novo\/wp-json\/wp\/v2\/media?parent=4438"}],"curies":[{"name":"wp","href":"https:\/\/api.w.org\/{rel}","templated":true}]}}