{"id":4442,"date":"2015-05-07T21:01:21","date_gmt":"2015-05-07T21:01:21","guid":{"rendered":"http:\/\/www.federacaopaulistadefutsal.com.br\/?page_id=4442"},"modified":"2026-04-08T18:29:55","modified_gmt":"2026-04-08T18:29:55","slug":"tabelas-oficiais-fpfs","status":"publish","type":"page","link":"https:\/\/www.federacaopaulistadefutsal.com.br\/novo\/tabelas-oficiais-fpfs\/","title":{"rendered":"TABELAS"},"content":{"rendered":"<h4><strong><br \/>\nCATEGORIAS DE INICIA\u00c7\u00c3O<\/strong><\/h4>\n<p><a href=\"https:\/\/www.federacaopaulistadefutsal.com.br\/novo\/tabelas-oficiais-fpfs\/tabela-oficial-iniciacao-a1\/\" rel=\"attachment wp-att-41200\">TABELA OFICIAL &#8211; INICIA\u00c7\u00c3O A1<\/a><br \/>\n<a href=\"https:\/\/www.federacaopaulistadefutsal.com.br\/novo\/tabelas-oficiais-fpfs\/tabela-oficial-paulista-iniciacao-a2\/\" rel=\"attachment wp-att-41201\">TABELA OFICIAL &#8211; PAULISTA INICIA\u00c7\u00c3O A2<\/a><br \/>\n<a href=\"https:\/\/www.federacaopaulistadefutsal.com.br\/novo\/tabelas-oficiais-fpfs\/tabela-oficial-paulista-iniciacao-a3\/\" rel=\"attachment wp-att-41199\">TABELA OFICIAL &#8211; PAULISTA INICIA\u00c7\u00c3O A3<\/a><\/p>\n<h4><strong>CATEGORIAS DE BASE<\/strong><\/h4>\n<p><a href=\"https:\/\/www.federacaopaulistadefutsal.com.br\/novo\/tabelas-oficiais-fpfs\/tabela-oficial-base-feminino\/\" rel=\"attachment wp-att-41203\">TABELA OFICIAL &#8211; BASE FEMININO<\/a><br \/>\n<a href=\"https:\/\/www.federacaopaulistadefutsal.com.br\/novo\/tabelas-oficiais-fpfs\/tabela-oficial-paulista-base-a1\/\" rel=\"attachment wp-att-41204\">TABELA OFICIAL &#8211; PAULISTA BASE A1<\/a><br \/>\n<a href=\"https:\/\/www.federacaopaulistadefutsal.com.br\/novo\/tabelas-oficiais-fpfs\/tabela-oficial-base-a2\/\" rel=\"attachment wp-att-41205\">TABELA OFICIAL &#8211; BASE A2<\/a><br \/>\n<a href=\"https:\/\/www.federacaopaulistadefutsal.com.br\/novo\/tabelas-oficiais-fpfs\/tabela-oficial-paulista-base-a3\/\" rel=\"attachment wp-att-41202\">TABELA OFICIAL &#8211; PAULISTA BASE A3<\/a><\/p>\n<p>&nbsp;<\/p>\n<h4><strong>CATEGORIA MAIORES<\/strong><\/h4>\n<p><a href=\"https:\/\/www.federacaopaulistadefutsal.com.br\/novo\/tabelas-oficiais-fpfs\/tabela-oficial-paulista-principal-masculino\/\" rel=\"attachment wp-att-41206\">TABELA OFICIAL &#8211; PAULISTA PRINCIPAL MASCULINO<\/a><br \/>\n<a href=\"https:\/\/www.federacaopaulistadefutsal.com.br\/novo\/tabelas-oficiais-fpfs\/tabela-oficial-principal-feminino\/\" rel=\"attachment wp-att-41229\">TABELA OFICIAL &#8211; PAULISTA PRINCIPAL FEMININO<\/a><br \/>\n<a href=\"https:\/\/www.federacaopaulistadefutsal.com.br\/novo\/tabelas-oficiais-fpfs\/tabela-oficial-definitiva-paulista-sub-20-masculino\/\" rel=\"attachment wp-att-41207\">TABELA OFICIAL &#8211; PAULISTA SUB 20 MASCULINO<\/a><br \/>\n<a href=\"https:\/\/www.federacaopaulistadefutsal.com.br\/novo\/tabelas-oficiais-fpfs\/tabela-oficial-copa-paulista-sub-20-feminino\/\" rel=\"attachment wp-att-41228\">TABELA OFICIAL &#8211; COPA PAULISTA &#8211; SUB 20 FEMININO<\/a><\/p>\n<p>&nbsp;<\/p>\n<h4 data-start=\"0\" data-end=\"204\"><strong>ATEN\u00c7\u00c3O!<\/strong><\/h4>\n<p data-start=\"0\" data-end=\"204\">As<strong> tabelas oficiais<\/strong> apresentadas correspondem \u00e0 programa\u00e7\u00e3o das competi\u00e7\u00f5es promovidas pela <strong>Federa\u00e7\u00e3o Paulista de Futsal (FPFS)<\/strong> e refletem, inicialmente, o planejamento definido pelo Departamento T\u00e9cnico.<\/p>\n<p data-start=\"206\" data-end=\"557\">Conforme previsto em regulamento, os clubes participantes poder\u00e3o solicitar ajustes na tabela de jogos seguindo os regimentos. Sempre que houver qualquer altera\u00e7\u00e3o \u2014 como mudan\u00e7a de data, hor\u00e1rio ou local de partida \u2014 ser\u00e1 obrigatoriamente emitido um <a href=\"https:\/\/www.federacaopaulistadefutsal.com.br\/novo\/comunicados-oficiais-2\/\"><strong>comunicado oficial<\/strong><\/a> pelo Departamento T\u00e9cnico, assegurando transpar\u00eancia, organiza\u00e7\u00e3o e conformidade com as normas vigentes.<\/p>\n<p data-start=\"559\" data-end=\"838\">Para garantir o acesso \u00e0s informa\u00e7\u00f5es mais atualizadas, \u00e9 fundamental que todos os envolvidos consultem regularmente a <a href=\"https:\/\/eventos.admfutsal.com.br\/\"><strong>S\u00famula Online<\/strong><\/a>. A plataforma \u00e9 o canal oficial de atualiza\u00e7\u00e3o em tempo real, onde constar\u00e3o todas as modifica\u00e7\u00f5es realizadas ap\u00f3s a publica\u00e7\u00e3o da tabela inicial.<\/p>\n<p data-start=\"840\" data-end=\"1052\" data-is-last-node=\"\" data-is-only-node=\"\"><strong>Refor\u00e7amos, portanto, que a tabela divulgada est\u00e1 sujeita a altera\u00e7\u00f5es, sendo indispens\u00e1vel o acompanhamento cont\u00ednuo dos comunicados oficiais e da S\u00famula Online para verifica\u00e7\u00e3o da programa\u00e7\u00e3o vigente dos jogos.<\/strong><\/p>\n","protected":false},"excerpt":{"rendered":"<p>CATEGORIAS DE INICIA\u00c7\u00c3O TABELA OFICIAL &#8211; INICIA\u00c7\u00c3O A1 TABELA OFICIAL &#8211; PAULISTA INICIA\u00c7\u00c3O A2 TABELA OFICIAL &#8211; PAULISTA INICIA\u00c7\u00c3O A3<\/p>\n","protected":false},"author":1,"featured_media":0,"parent":0,"menu_order":0,"comment_status":"closed","ping_status":"open","template":"","meta":{"footnotes":""},"class_list":["post-4442","page","type-page","status-publish","hentry"],"_links":{"self":[{"href":"https:\/\/www.federacaopaulistadefutsal.com.br\/novo\/wp-json\/wp\/v2\/pages\/4442","targetHints":{"allow":["GET"]}}],"collection":[{"href":"https:\/\/www.federacaopaulistadefutsal.com.br\/novo\/wp-json\/wp\/v2\/pages"}],"about":[{"href":"https:\/\/www.federacaopaulistadefutsal.com.br\/novo\/wp-json\/wp\/v2\/types\/page"}],"author":[{"embeddable":true,"href":"https:\/\/www.federacaopaulistadefutsal.com.br\/novo\/wp-json\/wp\/v2\/users\/1"}],"replies":[{"embeddable":true,"href":"https:\/\/www.federacaopaulistadefutsal.com.br\/novo\/wp-json\/wp\/v2\/comments?post=4442"}],"version-history":[{"count":6,"href":"https:\/\/www.federacaopaulistadefutsal.com.br\/novo\/wp-json\/wp\/v2\/pages\/4442\/revisions"}],"predecessor-version":[{"id":41197,"href":"https:\/\/www.federacaopaulistadefutsal.com.br\/novo\/wp-json\/wp\/v2\/pages\/4442\/revisions\/41197"}],"wp:attachment":[{"href":"https:\/\/www.federacaopaulistadefutsal.com.br\/novo\/wp-json\/wp\/v2\/media?parent=4442"}],"curies":[{"name":"wp","href":"https:\/\/api.w.org\/{rel}","templated":true}]}}