{"id":64,"date":"2018-01-17T18:12:41","date_gmt":"2018-01-17T18:12:41","guid":{"rendered":"http:\/\/ligadonanet.com.br\/novofederacao\/?page_id=64"},"modified":"2018-05-17T21:10:46","modified_gmt":"2018-05-17T21:10:46","slug":"conselho-fiscal","status":"publish","type":"page","link":"https:\/\/www.federacaopaulistadefutsal.com.br\/novo\/conselho-fiscal\/","title":{"rendered":"Conselho Fiscal"},"content":{"rendered":"<p>O Conselho Fiscal \u00e9 o \u00f3rg\u00e3o de aferi\u00e7\u00e3o, acompanhamento, avalia\u00e7\u00e3o e averigua\u00e7\u00e3o, eleito para acompanhar permanentemente o desempenho da Federa\u00e7\u00e3o.<\/p>\n<p>&nbsp;<\/p>\n<h4><strong>Efetivos:<\/strong><\/h4>\n<p>Orides Moya de Freitas<br \/>\nMartin Leandro Enriquez<br \/>\nLuiz Alexandre de Noronha<\/p>\n<p>&nbsp;<\/p>\n<h4><strong>Suplentes:<\/strong><\/h4>\n<p>Roberto Alonso<br \/>\nMarcos Alves Lameira Pinheiro<br \/>\nSilvio Yoiti Katsurragi<\/p>\n","protected":false},"excerpt":{"rendered":"<p>O Conselho Fiscal \u00e9 o \u00f3rg\u00e3o de aferi\u00e7\u00e3o, acompanhamento, avalia\u00e7\u00e3o e averigua\u00e7\u00e3o, eleito para acompanhar permanentemente o desempenho da Federa\u00e7\u00e3o.<\/p>\n","protected":false},"author":1,"featured_media":0,"parent":0,"menu_order":0,"comment_status":"closed","ping_status":"closed","template":"","meta":{"footnotes":""},"class_list":["post-64","page","type-page","status-publish","hentry"],"_links":{"self":[{"href":"https:\/\/www.federacaopaulistadefutsal.com.br\/novo\/wp-json\/wp\/v2\/pages\/64","targetHints":{"allow":["GET"]}}],"collection":[{"href":"https:\/\/www.federacaopaulistadefutsal.com.br\/novo\/wp-json\/wp\/v2\/pages"}],"about":[{"href":"https:\/\/www.federacaopaulistadefutsal.com.br\/novo\/wp-json\/wp\/v2\/types\/page"}],"author":[{"embeddable":true,"href":"https:\/\/www.federacaopaulistadefutsal.com.br\/novo\/wp-json\/wp\/v2\/users\/1"}],"replies":[{"embeddable":true,"href":"https:\/\/www.federacaopaulistadefutsal.com.br\/novo\/wp-json\/wp\/v2\/comments?post=64"}],"version-history":[{"count":2,"href":"https:\/\/www.federacaopaulistadefutsal.com.br\/novo\/wp-json\/wp\/v2\/pages\/64\/revisions"}],"predecessor-version":[{"id":23242,"href":"https:\/\/www.federacaopaulistadefutsal.com.br\/novo\/wp-json\/wp\/v2\/pages\/64\/revisions\/23242"}],"wp:attachment":[{"href":"https:\/\/www.federacaopaulistadefutsal.com.br\/novo\/wp-json\/wp\/v2\/media?parent=64"}],"curies":[{"name":"wp","href":"https:\/\/api.w.org\/{rel}","templated":true}]}}